{"id":1,"date":"2021-03-10T00:00:00","date_gmt":"2021-03-10T00:00:00","guid":{"rendered":"https:\/\/aerohidro.uma.es\/?page_id=1"},"modified":"2024-11-28T21:35:45","modified_gmt":"2024-11-28T21:35:45","slug":"inicio","status":"publish","type":"page","link":"https:\/\/aerohidro.uma.es\/","title":{"rendered":"M\u00e1ster en Hidr\u00e1ulica Ambiental"},"content":{"rendered":"<p>El T\u00edtulo de M\u00e1ster Interuniversitario en Hidr\u00e1ulica Ambiental\u00a0 por las Universidades C\u00f3rdoba, Granada y M\u00e1laga viene siendo ofertado desde el curso 2006\/2007 como ense\u00f1anza oficial de M\u00e1ster Universitario (inicialmente regulado conforme a las disposiciones contenidas en el RD 56\/2005, de 21 de enero y actualmente conforme a las disposiciones contenidas en el RD 1393\/2007, de 29 de octubre).<\/p>\n<p>Informaci\u00f3n adicional sobre el t\u00edtulo universitario oficial:<\/p>\n<ul>\n<li>Universidad coordinadora: Universidad de Granada.<\/li>\n<li>Resoluci\u00f3n del Consejo de Universidades \u2013verificaci\u00f3n positiva-: 27\/05\/2009.<\/li>\n<li>Acuerdo Consejo Ministros \u2013car\u00e1cter oficial del t\u00edtulo-: 28\/01\/2011 (BOE 24\/02\/2011)<\/li>\n<li>C\u00f3digo T\u00edtulo en el Registro de Universidades, Centros y T\u00edtulos (RUCT):\u00a0<a href=\"https:\/\/www.educacion.gob.es\/ruct\/estudiouniversidad.action?codigoCiclo=SC&amp;codigoEstudio=4310182&amp;actual=universidad\" target=\"_blank\" rel=\"noopener\">4310182<\/a>.<\/li>\n<li>Web del m\u00e1ster: <a href=\"https:\/\/masteres.ugr.es\/hidraulicaambiental\/\">https:\/\/masteres.ugr.es\/hidraulicaambiental\/\u00a0<\/a><\/li>\n<li>Web informaci\u00f3n: <a href=\"https:\/\/gdfa.ugr.es\/masterha\/\">https:\/\/gdfa.ugr.es\/masterha\/\u00a0<\/a><\/li>\n<li>Convenio interuniversitario\u00a0<a href=\"http:\/\/www.uma.es\/master-en-hidraulica-ambiental\/info\/12198\/informacion-general-hidraulica-ambiental\/\" target=\"_blank\" rel=\"noopener\">suscrito<\/a>.<\/li>\n<\/ul>\n<h4>Especialidades:<\/h4>\n<ul>\n<li>Gesti\u00f3n Integral de Puertos y Costas (UGR). Primer semestre en Granada, segundo semestre en Granada.<\/li>\n<li>Gesti\u00f3n Integral de Cuencas (UCO). Primer semestre en Granada, segundo semestre en C\u00f3rdoba.<\/li>\n<li><a href=\"http:\/\/www.aerohidro.uma.es\/\" target=\"_blank\" rel=\"noopener\">Aero-hidrodin\u00e1mica de Veh\u00edculos<\/a> (UMA &#8211; ETS Ingenier\u00eda Industrial). Primer semestre en Granada, segundo semestre en M\u00e1laga.<\/li>\n<li>Flujos Geof\u00edsicos (UMA -ETSI. Inf\u00f3rmatica). Primer semestre en Granada, segundo semestre en M\u00e1laga.<\/li>\n<\/ul>\n<h4>Coordinaci\u00f3n Acad\u00e9mica Universidad de M\u00e1laga:<\/h4>\n<p>Dr. Lu\u00eds Parras Anguita (lparras at uma.es)<br \/>\nDr. Francisco Criado Aldeanueva (fcriado at uma.es)<\/p>\n<h4>Matriculaci\u00f3n &#8211; Universidad de M\u00e1laga-:<\/h4>\n<p>S\u00f3lo han de matricularse en M\u00e1laga aquellos estudiantes que van a cursar cualquiera de las especialidades que se ofertan en esta universidad Aero-hidrodin\u00e1mica de Veh\u00edculos o Flujos Geof\u00edsicos. Recuerden que este M\u00e1ster Interuniversitario se imparte de forma presencial en Granada durante el primer cuatrimestre y el segundo en la universidad en la que vaya a cursar la especialidad y se haya matriculado. Por favor,\u00a0 antes de matricularse, revisen la <a href=\"https:\/\/aerohidro.uma.es\/?page_id=2\">planificaci\u00f3n docente del curso<\/a> y p\u00f3nganse en contacto con los coordinadores locales en caso de duda.<\/p>\n<p>Secretar\u00eda Escuela de Ingenier\u00edas Industriales.<\/p>\n<p><strong>Escuela de Ingenier\u00edas Industriales<\/strong><br \/>\nC\/ Doctor Ortiz Ramos s\/n<br \/>\nAmpliaci\u00f3n Campus Universitario de Teatinos<br \/>\nTel.: 951 952 310<br \/>\nE-mail:\u00a0<a href=\"mailto:director.eii@uma.es\" target=\"_blank\" rel=\"noopener\">director.eii@uma.es<\/a><\/p>\n","protected":false},"excerpt":{"rendered":"<p>El T\u00edtulo de M\u00e1ster Interuniversitario en Hidr\u00e1ulica Ambiental\u00a0 por las Universidades C\u00f3rdoba, Granada y M\u00e1laga viene siendo ofertado desde el curso 2006\/2007 como ense\u00f1anza oficial de M\u00e1ster Universitario (inicialmente regulado conforme a las disposiciones contenidas en el RD 56\/2005, de 21 de enero y actualmente conforme a las disposiciones contenidas en el RD 1393\/2007, de &#8230; <a title=\"M\u00e1ster en Hidr\u00e1ulica Ambiental\" class=\"read-more\" href=\"https:\/\/aerohidro.uma.es\/\" aria-label=\"M\u00e1s en M\u00e1ster en Hidr\u00e1ulica Ambiental\">Leer m\u00e1s<\/a><\/p>\n","protected":false},"author":1,"featured_media":0,"parent":0,"menu_order":0,"comment_status":"closed","ping_status":"closed","template":"","meta":[],"_links":{"self":[{"href":"https:\/\/aerohidro.uma.es\/index.php?rest_route=\/wp\/v2\/pages\/1"}],"collection":[{"href":"https:\/\/aerohidro.uma.es\/index.php?rest_route=\/wp\/v2\/pages"}],"about":[{"href":"https:\/\/aerohidro.uma.es\/index.php?rest_route=\/wp\/v2\/types\/page"}],"author":[{"embeddable":true,"href":"https:\/\/aerohidro.uma.es\/index.php?rest_route=\/wp\/v2\/users\/1"}],"replies":[{"embeddable":true,"href":"https:\/\/aerohidro.uma.es\/index.php?rest_route=%2Fwp%2Fv2%2Fcomments&post=1"}],"version-history":[{"count":0,"href":"https:\/\/aerohidro.uma.es\/index.php?rest_route=\/wp\/v2\/pages\/1\/revisions"}],"wp:attachment":[{"href":"https:\/\/aerohidro.uma.es\/index.php?rest_route=%2Fwp%2Fv2%2Fmedia&parent=1"}],"curies":[{"name":"wp","href":"https:\/\/api.w.org\/{rel}","templated":true}]}}