{"id":105,"date":"2022-05-03T08:15:53","date_gmt":"2022-05-03T08:15:53","guid":{"rendered":"https:\/\/aerohidro.uma.es\/?page_id=105"},"modified":"2022-05-03T08:15:54","modified_gmt":"2022-05-03T08:15:54","slug":"tic-201-investigacion-aplicaciones-ciberneticas-de-la-electronica-a-las-tecnologias-de-la-informacion-ace-ti-english","status":"publish","type":"page","link":"https:\/\/aerohidro.uma.es\/?page_id=105&lang=en","title":{"rendered":"TIC-201 investigaci\u00f3n Aplicaciones Cibern\u00e9ticas de la Electr\u00f3nica a las Tecnolog\u00edas de la Informaci\u00f3n (ACE-TI) &#8211; English"},"content":{"rendered":"\n<p><a rel=\"noreferrer noopener\" href=\"http:\/\/alojamientosv.us.es\/acetitic201\/ACE-TI\/\" target=\"_blank\">TIC-201 investigaci\u00f3n Aplicaciones Cibern\u00e9ticas de la Electr\u00f3nica a las Tecnolog\u00edas de la Informaci\u00f3n (ACE-TI)<\/a><\/p>\n","protected":false},"excerpt":{"rendered":"<p>TIC-201 investigaci\u00f3n Aplicaciones Cibern\u00e9ticas de la Electr\u00f3nica a las Tecnolog\u00edas de la Informaci\u00f3n (ACE-TI)<\/p>\n","protected":false},"author":1,"featured_media":0,"parent":0,"menu_order":0,"comment_status":"closed","ping_status":"closed","template":"","meta":[],"_links":{"self":[{"href":"https:\/\/aerohidro.uma.es\/index.php?rest_route=\/wp\/v2\/pages\/105"}],"collection":[{"href":"https:\/\/aerohidro.uma.es\/index.php?rest_route=\/wp\/v2\/pages"}],"about":[{"href":"https:\/\/aerohidro.uma.es\/index.php?rest_route=\/wp\/v2\/types\/page"}],"author":[{"embeddable":true,"href":"https:\/\/aerohidro.uma.es\/index.php?rest_route=\/wp\/v2\/users\/1"}],"replies":[{"embeddable":true,"href":"https:\/\/aerohidro.uma.es\/index.php?rest_route=%2Fwp%2Fv2%2Fcomments&post=105"}],"version-history":[{"count":0,"href":"https:\/\/aerohidro.uma.es\/index.php?rest_route=\/wp\/v2\/pages\/105\/revisions"}],"wp:attachment":[{"href":"https:\/\/aerohidro.uma.es\/index.php?rest_route=%2Fwp%2Fv2%2Fmedia&parent=105"}],"curies":[{"name":"wp","href":"https:\/\/api.w.org\/{rel}","templated":true}]}}