{"id":13,"date":"2021-03-10T00:00:00","date_gmt":"2021-03-10T00:00:00","guid":{"rendered":"https:\/\/aerohidro.uma.es\/?page_id=13"},"modified":"2024-12-12T23:09:42","modified_gmt":"2024-12-12T23:09:42","slug":"procesos-dinamicos-en-flujos-geofisicos","status":"publish","type":"page","link":"https:\/\/aerohidro.uma.es\/?page_id=13","title":{"rendered":"Procesos din\u00e1micos en fluidos geof\u00edsicos"},"content":{"rendered":"\n<div class=\"wp-block-columns is-layout-flex wp-container-3\">\n<div class=\"wp-block-column is-layout-flow\">\n<h3 class=\"wp-block-heading\" id=\"resumen\">Resumen<\/h3>\n\n\n\n<hr class=\"wp-block-separator has-text-color has-background has-base-background-color has-base-color\"\/>\n\n\n\n<p>La asignatura trata los fundamentos del comportamiento din\u00e1mico del sistema Oc\u00e9ano-Atm\u00f3sfera, incluyendo el estudio de sus forzamientos e intercambios, \u00edndices clim\u00e1ticos, y circulaci\u00f3n general. El sistema f\u00edsico oce\u00e1nico se estudia con especial profundidad, incidiendo en temas espec\u00edficos de Oceanograf\u00eda F\u00edsica regional y particularizando en un sistema singular y paradigm\u00e1tico como es el Estrecho de Gibraltar.<\/p>\n<\/div>\n\n\n\n<div class=\"wp-block-column is-layout-flow\">\n<h3 class=\"wp-block-heading\" id=\"summary\">Summary<\/h3>\n\n\n\n<hr class=\"wp-block-separator has-text-color has-background has-base-background-color has-base-color\"\/>\n\n\n\n<em>Dynamics of Geophysical Fluids deals with the foundations of the dynamic behavior of the Atmosphere-Ocean system, including the study of physical forcing and exchanges, climatic indices, and general circulation. The physical Ocean system is studied with particular depth, focusing on specific topics of regional physical oceanography and particularly in the unique and paradigmatic system of the Strait of Gibraltar.<\/em>\n<\/div>\n<\/div>\n\n\n\n<h3 class=\"wp-block-heading\" id=\"programas-tecnicas-equipos-normativas-que-el-estudiante-manejara\">Programas \/ t\u00e9cnicas \/ equipos \/ normativas que el estudiante manejar\u00e1<\/h3>\n\n\n\n<hr class=\"wp-block-separator has-text-color has-background has-base-background-color has-base-color\">\n\n\n\n<p><strong><strong><strong>Matlab, An\u00e1lisis objetivo, bases de datos geof\u00edsicas, t\u00e9cnicas de interpolaci\u00f3n<\/strong><\/strong><\/strong><\/p>\n\n\n\n<hr class=\"wp-block-separator has-text-color has-background has-base-background-color has-base-color\">\n\n\n\n<div class=\"wp-block-columns is-layout-flex wp-container-7\">\n<div class=\"wp-block-column is-layout-flow\">\n<h4 class=\"wp-block-heading\" id=\"especialidad\"><em>Especialidad<\/em><\/h4>\n\n\n\n<p>Flujos Geof\u00edsicos<\/p>\n<\/div>\n\n\n\n<div class=\"wp-block-column is-layout-flow\">\n<h4 class=\"wp-block-heading\" id=\"caracter\"><em>Car\u00e1cter<\/em><\/h4>\n\n\n\n<p>Optativo<\/p>\n<\/div>\n\n\n\n<div class=\"wp-block-column is-layout-flow\">\n<h4 class=\"wp-block-heading\" id=\"creditos-ects\"><em>Cr\u00e9ditos ECTS<\/em><\/h4>\n\n\n\n<p>6<\/p>\n<\/div>\n<\/div>\n\n\n\n<div class=\"wp-block-columns is-layout-flex wp-container-11\">\n<div class=\"wp-block-column is-layout-flow\">\n<h4 class=\"wp-block-heading\" id=\"cuatrimestre\"><em>Cuatrimestre<\/em><\/h4>\n\n\n\n<p>Segundo<\/p>\n<\/div>\n\n\n\n<div class=\"wp-block-column is-layout-flow\">\n<h4 class=\"wp-block-heading\" id=\"idiomas\"><em>Idiomas<\/em><\/h4>\n\n\n\n<p>Espa\u00f1ol, Ingl\u00e9s<\/p>\n<\/div>\n\n\n\n<div class=\"wp-block-column is-layout-flow\">\n<h4 class=\"wp-block-heading\" id=\"sede\"><em>Sede<\/em><\/h4>\n\n\n\n<p>UMA\/ETSInd<\/p>\n<\/div>\n<\/div>\n\n\n\n<hr class=\"wp-block-separator has-text-color has-background has-base-background-color has-base-color\">\n\n\n\n<h4 class=\"wp-block-heading\" id=\"profesorado\">Profesorado<\/h4>\n\n\n\n<ul><li><a href=\"mailto:fcaldeanueva@ctima.uma.es\">Criado Aldeanueva, Francisco<\/a>\n                        <\/li><li><a href=\"mailto:glafuente@ctima.uma.es\">Garc\u00eda Lafuente, Jes\u00fas<\/a>\n                        <\/li><li><a href=\"mailto:jcsanchez@ctima.uma.es\">S\u00e1nchez Garrido, Jos\u00e9 Carlos<\/a>\n                        <\/li><li><a href=\"mailto:jvd@uma.es\">Vargas Dom\u00ednguez, Juan Miguel<\/a>\n                    <\/li><\/ul>\n\n\n\n<hr class=\"wp-block-separator has-text-color has-background has-base-background-color has-base-color\">\n\n\n\n<h4 class=\"wp-block-heading\" id=\"mas-informacion\">M\u00e1s informaci\u00f3n<\/h4>\n\n\n\n<p><a rel=\"noreferrer noopener\" href=\"https:\/\/www.uma.es\/departments\/subjects\/titulation\/101668\/5273\/\" target=\"_blank\">Enlace<\/a><\/p>\n\n\n\n<hr class=\"wp-block-separator has-text-color has-background has-base-background-color has-base-color\">\n\n\n\n<h4 class=\"wp-block-heading\" id=\"guia-docente\">Gu\u00eda docente<\/h4>\n\n\n\n<p><a rel=\"noreferrer noopener\" href=\"https:\/\/gdfa.ugr.es\/masterha\/verifica\/guia_17.pdf\" target=\"_blank\">Documento<\/a><\/p>\n","protected":false},"excerpt":{"rendered":"<p>Resumen La asignatura trata los fundamentos del comportamiento din\u00e1mico del sistema Oc\u00e9ano-Atm\u00f3sfera, incluyendo el estudio de sus forzamientos e intercambios, \u00edndices clim\u00e1ticos, y circulaci\u00f3n general. El sistema f\u00edsico oce\u00e1nico se estudia con especial profundidad, incidiendo en temas espec\u00edficos de Oceanograf\u00eda F\u00edsica regional y particularizando en un sistema singular y paradigm\u00e1tico como es el Estrecho de &#8230; <a title=\"Procesos din\u00e1micos en fluidos geof\u00edsicos\" class=\"read-more\" href=\"https:\/\/aerohidro.uma.es\/?page_id=13\" aria-label=\"M\u00e1s en Procesos din\u00e1micos en fluidos geof\u00edsicos\">Leer m\u00e1s<\/a><\/p>\n","protected":false},"author":1,"featured_media":0,"parent":0,"menu_order":0,"comment_status":"closed","ping_status":"closed","template":"","meta":[],"_links":{"self":[{"href":"https:\/\/aerohidro.uma.es\/index.php?rest_route=\/wp\/v2\/pages\/13"}],"collection":[{"href":"https:\/\/aerohidro.uma.es\/index.php?rest_route=\/wp\/v2\/pages"}],"about":[{"href":"https:\/\/aerohidro.uma.es\/index.php?rest_route=\/wp\/v2\/types\/page"}],"author":[{"embeddable":true,"href":"https:\/\/aerohidro.uma.es\/index.php?rest_route=\/wp\/v2\/users\/1"}],"replies":[{"embeddable":true,"href":"https:\/\/aerohidro.uma.es\/index.php?rest_route=%2Fwp%2Fv2%2Fcomments&post=13"}],"version-history":[{"count":0,"href":"https:\/\/aerohidro.uma.es\/index.php?rest_route=\/wp\/v2\/pages\/13\/revisions"}],"wp:attachment":[{"href":"https:\/\/aerohidro.uma.es\/index.php?rest_route=%2Fwp%2Fv2%2Fmedia&parent=13"}],"curies":[{"name":"wp","href":"https:\/\/api.w.org\/{rel}","templated":true}]}}