{"id":16,"date":"2021-03-10T00:00:00","date_gmt":"2021-03-10T00:00:00","guid":{"rendered":"https:\/\/aerohidro.uma.es\/?page_id=16"},"modified":"2024-12-12T23:21:11","modified_gmt":"2024-12-12T23:21:11","slug":"contacto","status":"publish","type":"page","link":"https:\/\/aerohidro.uma.es\/?page_id=16","title":{"rendered":"Contacto"},"content":{"rendered":"\n<p>Coordinador del M\u00e1ster Interuniversitario en Hidr\u00e1ulica Ambiental (sede Universidad de M\u00e1laga): <a href=\"https:\/\/duma.uma.es\/buscador\/persona\/1041c300-06a0-4efe-bd64-3a951a361e01\/\" data-type=\"URL\" data-id=\"https:\/\/duma.uma.es\/buscador\/persona\/1041c300-06a0-4efe-bd64-3a951a361e01\/\">Luis Parras<\/a><\/p>\n\n\n\n<ul>\n<li>Coordinador de la especialidad Aerohidrodin\u00e1mica de Veh\u00edculos: <a href=\"https:\/\/duma.uma.es\/buscador\/persona\/1041c300-06a0-4efe-bd64-3a951a361e01\/\">Luis Parras<\/a>.<\/li>\n\n\n\n<li>Coordinador de la especialidad Flujos Geof\u00edsicos: <a href=\"https:\/\/www.uma.es\/departamento-de-fisica-aplicada-ii\/info\/72621\/francisco-criado-aldeanueva-faii\/\" data-type=\"URL\" data-id=\"https:\/\/www.uma.es\/departamento-de-fisica-aplicada-ii\/info\/72621\/francisco-criado-aldeanueva-faii\/\">Francisco Criado<\/a>.<\/li>\n<\/ul>\n","protected":false},"excerpt":{"rendered":"<p>Coordinador del M\u00e1ster Interuniversitario en Hidr\u00e1ulica Ambiental (sede Universidad de M\u00e1laga): Luis Parras<\/p>\n","protected":false},"author":1,"featured_media":0,"parent":0,"menu_order":0,"comment_status":"closed","ping_status":"closed","template":"","meta":[],"_links":{"self":[{"href":"https:\/\/aerohidro.uma.es\/index.php?rest_route=\/wp\/v2\/pages\/16"}],"collection":[{"href":"https:\/\/aerohidro.uma.es\/index.php?rest_route=\/wp\/v2\/pages"}],"about":[{"href":"https:\/\/aerohidro.uma.es\/index.php?rest_route=\/wp\/v2\/types\/page"}],"author":[{"embeddable":true,"href":"https:\/\/aerohidro.uma.es\/index.php?rest_route=\/wp\/v2\/users\/1"}],"replies":[{"embeddable":true,"href":"https:\/\/aerohidro.uma.es\/index.php?rest_route=%2Fwp%2Fv2%2Fcomments&post=16"}],"version-history":[{"count":0,"href":"https:\/\/aerohidro.uma.es\/index.php?rest_route=\/wp\/v2\/pages\/16\/revisions"}],"wp:attachment":[{"href":"https:\/\/aerohidro.uma.es\/index.php?rest_route=%2Fwp%2Fv2%2Fmedia&parent=16"}],"curies":[{"name":"wp","href":"https:\/\/api.w.org\/{rel}","templated":true}]}}