{"id":39,"date":"2021-03-10T00:00:00","date_gmt":"2021-03-10T00:00:00","guid":{"rendered":"https:\/\/aerohidro.uma.es\/?page_id=39"},"modified":"2021-03-10T00:00:00","modified_gmt":"2021-03-10T00:00:00","slug":"rnm-137-grupo-de-oceanografia-fisica-de-malaga-gofima","status":"publish","type":"page","link":"https:\/\/aerohidro.uma.es\/?page_id=39","title":{"rendered":"RNM-137 Grupo de Oceanograf\u00eda F\u00edsica de M\u00e1laga (GOFIMA)"},"content":{"rendered":"<p><a href=\"http:\/\/oceano.uma.es\/\" target=\"_blank\">RNM-137 Grupo de Oceanograf\u00eda F\u00edsica de M\u00e1laga (GOFIMA)<\/a><\/p>\n","protected":false},"excerpt":{"rendered":"<p>RNM-137 Grupo de Oceanograf\u00eda F\u00edsica de M\u00e1laga (GOFIMA)<\/p>\n","protected":false},"author":1,"featured_media":0,"parent":0,"menu_order":0,"comment_status":"closed","ping_status":"closed","template":"","meta":[],"_links":{"self":[{"href":"https:\/\/aerohidro.uma.es\/index.php?rest_route=\/wp\/v2\/pages\/39"}],"collection":[{"href":"https:\/\/aerohidro.uma.es\/index.php?rest_route=\/wp\/v2\/pages"}],"about":[{"href":"https:\/\/aerohidro.uma.es\/index.php?rest_route=\/wp\/v2\/types\/page"}],"author":[{"embeddable":true,"href":"https:\/\/aerohidro.uma.es\/index.php?rest_route=\/wp\/v2\/users\/1"}],"replies":[{"embeddable":true,"href":"https:\/\/aerohidro.uma.es\/index.php?rest_route=%2Fwp%2Fv2%2Fcomments&post=39"}],"version-history":[{"count":0,"href":"https:\/\/aerohidro.uma.es\/index.php?rest_route=\/wp\/v2\/pages\/39\/revisions"}],"wp:attachment":[{"href":"https:\/\/aerohidro.uma.es\/index.php?rest_route=%2Fwp%2Fv2%2Fmedia&parent=39"}],"curies":[{"name":"wp","href":"https:\/\/api.w.org\/{rel}","templated":true}]}}