{"id":43,"date":"2021-03-10T00:00:00","date_gmt":"2021-03-10T00:00:00","guid":{"rendered":"https:\/\/aerohidro.uma.es\/?page_id=43"},"modified":"2021-03-10T00:00:00","modified_gmt":"2021-03-10T00:00:00","slug":"tic-201-investigacion-aplicaciones-ciberneticas-de-la-electronica-a-las-tecnologias-de-la-informacion-ace-ti","status":"publish","type":"page","link":"https:\/\/aerohidro.uma.es\/?page_id=43","title":{"rendered":"TIC-201 investigaci\u00f3n Aplicaciones Cibern\u00e9ticas de la Electr\u00f3nica a las Tecnolog\u00edas de la Informaci\u00f3n (ACE-TI)"},"content":{"rendered":"<p><a href=\"http:\/\/alojamientosv.us.es\/acetitic201\/ACE-TI\/\" target=\"_blank\">TIC-201 investigaci\u00f3n Aplicaciones Cibern\u00e9ticas de la Electr\u00f3nica a las Tecnolog\u00edas de la Informaci\u00f3n (ACE-TI)<\/a><\/p>\n","protected":false},"excerpt":{"rendered":"<p>TIC-201 investigaci\u00f3n Aplicaciones Cibern\u00e9ticas de la Electr\u00f3nica a las Tecnolog\u00edas de la Informaci\u00f3n (ACE-TI)<\/p>\n","protected":false},"author":1,"featured_media":0,"parent":0,"menu_order":0,"comment_status":"closed","ping_status":"closed","template":"","meta":[],"_links":{"self":[{"href":"https:\/\/aerohidro.uma.es\/index.php?rest_route=\/wp\/v2\/pages\/43"}],"collection":[{"href":"https:\/\/aerohidro.uma.es\/index.php?rest_route=\/wp\/v2\/pages"}],"about":[{"href":"https:\/\/aerohidro.uma.es\/index.php?rest_route=\/wp\/v2\/types\/page"}],"author":[{"embeddable":true,"href":"https:\/\/aerohidro.uma.es\/index.php?rest_route=\/wp\/v2\/users\/1"}],"replies":[{"embeddable":true,"href":"https:\/\/aerohidro.uma.es\/index.php?rest_route=%2Fwp%2Fv2%2Fcomments&post=43"}],"version-history":[{"count":0,"href":"https:\/\/aerohidro.uma.es\/index.php?rest_route=\/wp\/v2\/pages\/43\/revisions"}],"wp:attachment":[{"href":"https:\/\/aerohidro.uma.es\/index.php?rest_route=%2Fwp%2Fv2%2Fmedia&parent=43"}],"curies":[{"name":"wp","href":"https:\/\/api.w.org\/{rel}","templated":true}]}}