{"id":6,"date":"2021-03-10T00:00:00","date_gmt":"2021-03-10T00:00:00","guid":{"rendered":"https:\/\/aerohidro.uma.es\/?page_id=6"},"modified":"2022-04-11T17:54:02","modified_gmt":"2022-04-11T17:54:02","slug":"propulsion-y-control","status":"publish","type":"page","link":"https:\/\/aerohidro.uma.es\/?page_id=6","title":{"rendered":"Propulsi\u00f3n y control"},"content":{"rendered":"\n<div class=\"wp-block-columns is-layout-flex wp-container-3\">\n<div class=\"wp-block-column is-layout-flow\">\n<h3 class=\"wp-block-heading\" id=\"resumen\">Resumen<\/h3>\n\n\n\n<hr class=\"wp-block-separator has-text-color has-background has-base-background-color has-base-color\"\/>\n\n\n\n<p>Este m\u00f3dulo de conocimiento est\u00e1 dentro de la especialidad \u00abAero-El objetivo de la asignatura es familiarizar al alumno con los principios b\u00e1sicos y avanzados del funcionamiento de sistemas propulsivos, el\u00e9ctricos y de combusti\u00f3n, de veh\u00edculos, as\u00ed como los m\u00e9todos para el control y optimizaci\u00f3n de los mismos. Para ello se parte las ecuaciones que describen el funcionamiento de los diversos tipos de propulsores, particularmente aeroreactores y motores el\u00e9ctricos, para finalmente llegar a las par\u00e1metros que permiten dise\u00f1ar y adaptar \u00e9stos a las necesidades propulsas. En un segundo bloque, la asignatura describe diversos m\u00e9todos de control de veh\u00edculos.<\/p>\n<\/div>\n\n\n\n<div class=\"wp-block-column is-layout-flow\">\n<h3 class=\"wp-block-heading\" id=\"summary\">Summary<\/h3>\n\n\n\n<hr class=\"wp-block-separator has-text-color has-background has-base-background-color has-base-color\"\/>\n\n\n\n<p><em>The objective of this subject is to get familiar with basic and advanced principles of electrical and combustion propulsion systems, as with the control and optimization methods related to them. To do so, we start from the equations that describe the working principle of different types of propulsion systems, particularly aircraft engines and electrical motors, to finally determine the parameters that allow to design and adapt them to any power need. In a second part, the subject describes several vehicle control methods.<\/em><\/p>\n<\/div>\n<\/div>\n\n\n\n<h3 class=\"wp-block-heading\" id=\"programas-tecnicas-equipos-normativas-que-el-estudiante-manejara\">Programas \/ t\u00e9cnicas \/ equipos \/ normativas que el estudiante manejar\u00e1<\/h3>\n\n\n\n<hr class=\"wp-block-separator has-text-color has-background has-base-background-color has-base-color\">\n\n\n\n<p><strong><strong>Matlab, Simulink<\/strong><\/strong><\/p>\n\n\n\n<hr class=\"wp-block-separator has-text-color has-background has-base-background-color has-base-color\">\n\n\n\n<div class=\"wp-block-columns is-layout-flex wp-container-7\">\n<div class=\"wp-block-column is-layout-flow\">\n<h4 class=\"wp-block-heading\" id=\"especialidad\"><em>Especialidad<\/em><\/h4>\n\n\n\n<p>Aero-Hidrodin\u00e1mica de Veh\u00edculos<\/p>\n<\/div>\n\n\n\n<div class=\"wp-block-column is-layout-flow\">\n<h4 class=\"wp-block-heading\" id=\"caracter\"><em>Car\u00e1cter<\/em><\/h4>\n\n\n\n<p>Optativo<\/p>\n<\/div>\n\n\n\n<div class=\"wp-block-column is-layout-flow\">\n<h4 class=\"wp-block-heading\" id=\"creditos-ects\"><em>Cr\u00e9ditos ECTS<\/em><\/h4>\n\n\n\n<p>6<\/p>\n<\/div>\n<\/div>\n\n\n\n<div class=\"wp-block-columns is-layout-flex wp-container-11\">\n<div class=\"wp-block-column is-layout-flow\">\n<h4 class=\"wp-block-heading\" id=\"cuatrimestre\"><em>Cuatrimestre<\/em><\/h4>\n\n\n\n<p>Segundo<\/p>\n<\/div>\n\n\n\n<div class=\"wp-block-column is-layout-flow\">\n<h4 class=\"wp-block-heading\" id=\"idiomas\"><em>Idiomas<\/em><\/h4>\n\n\n\n<p>Espa\u00f1ol<\/p>\n<\/div>\n\n\n\n<div class=\"wp-block-column is-layout-flow\">\n<h4 class=\"wp-block-heading\" id=\"sede\"><em>Sede<\/em><\/h4>\n\n\n\n<p>UMA\/ETSInd<\/p>\n<\/div>\n<\/div>\n\n\n\n<hr class=\"wp-block-separator has-text-color has-background has-base-background-color has-base-color\">\n\n\n\n<h4 class=\"wp-block-heading\" id=\"profesorado\">Profesorado<\/h4>\n\n\n\n<ul><li><a href=\"mailto:mjduran@uma.es\">Dur\u00e1n Mart\u00ednez, Mario Javier<\/a>\n                        <\/li><li><a href=\"mailto:loscertales@uma.es\">Gonz\u00e1lez Loscertales, Ignacio<\/a>\n                        <\/li><li><a href=\"mailto:jesus.morales@uma.es\">Morales Rodr\u00edguez, Jes\u00fas<\/a>\n                    <\/li><\/ul>\n\n\n\n<hr class=\"wp-block-separator has-text-color has-background has-base-background-color has-base-color\">\n\n\n\n<h4 class=\"wp-block-heading\" id=\"mas-informacion\">M\u00e1s informaci\u00f3n<\/h4>\n\n\n\n<p><a rel=\"noreferrer noopener\" href=\"https:\/\/oas.sci.uma.es:8443\/pls\/apex\/f?p=101:3:2324212566242677::NO::P3_ID:129970-5273-112\" target=\"_blank\">Enlace<\/a><\/p>\n\n\n\n<hr class=\"wp-block-separator has-text-color has-background has-base-background-color has-base-color\">\n\n\n\n<h4 class=\"wp-block-heading\" id=\"guia-docente\">Gu\u00eda docente<\/h4>\n\n\n\n<p><a rel=\"noreferrer noopener\" href=\"https:\/\/gdfa.ugr.es\/masterha\/verifica\/guia_12.pdf\" target=\"_blank\">Documento<\/a><\/p>\n","protected":false},"excerpt":{"rendered":"<p>Resumen Este m\u00f3dulo de conocimiento est\u00e1 dentro de la especialidad \u00abAero-El objetivo de la asignatura es familiarizar al alumno con los principios b\u00e1sicos y avanzados del funcionamiento de sistemas propulsivos, el\u00e9ctricos y de combusti\u00f3n, de veh\u00edculos, as\u00ed como los m\u00e9todos para el control y optimizaci\u00f3n de los mismos. Para ello se parte las ecuaciones que &#8230; <a title=\"Propulsi\u00f3n y control\" class=\"read-more\" href=\"https:\/\/aerohidro.uma.es\/?page_id=6\" aria-label=\"M\u00e1s en Propulsi\u00f3n y control\">Leer m\u00e1s<\/a><\/p>\n","protected":false},"author":1,"featured_media":0,"parent":0,"menu_order":0,"comment_status":"closed","ping_status":"closed","template":"","meta":[],"_links":{"self":[{"href":"https:\/\/aerohidro.uma.es\/index.php?rest_route=\/wp\/v2\/pages\/6"}],"collection":[{"href":"https:\/\/aerohidro.uma.es\/index.php?rest_route=\/wp\/v2\/pages"}],"about":[{"href":"https:\/\/aerohidro.uma.es\/index.php?rest_route=\/wp\/v2\/types\/page"}],"author":[{"embeddable":true,"href":"https:\/\/aerohidro.uma.es\/index.php?rest_route=\/wp\/v2\/users\/1"}],"replies":[{"embeddable":true,"href":"https:\/\/aerohidro.uma.es\/index.php?rest_route=%2Fwp%2Fv2%2Fcomments&post=6"}],"version-history":[{"count":0,"href":"https:\/\/aerohidro.uma.es\/index.php?rest_route=\/wp\/v2\/pages\/6\/revisions"}],"wp:attachment":[{"href":"https:\/\/aerohidro.uma.es\/index.php?rest_route=%2Fwp%2Fv2%2Fmedia&parent=6"}],"curies":[{"name":"wp","href":"https:\/\/api.w.org\/{rel}","templated":true}]}}