{"id":8,"date":"2021-03-10T00:00:00","date_gmt":"2021-03-10T00:00:00","guid":{"rendered":"https:\/\/aerohidro.uma.es\/?page_id=8"},"modified":"2022-04-11T18:00:13","modified_gmt":"2022-04-11T18:00:13","slug":"navegacion-y-optimizacion","status":"publish","type":"page","link":"https:\/\/aerohidro.uma.es\/?page_id=8","title":{"rendered":"Navegaci\u00f3n y optimizaci\u00f3n"},"content":{"rendered":"\n<div class=\"wp-block-columns is-layout-flex wp-container-3\">\n<div class=\"wp-block-column is-layout-flow\">\n<h3 class=\"wp-block-heading\" id=\"resumen\">Resumen<\/h3>\n\n\n\n<hr class=\"wp-block-separator has-text-color has-background has-base-background-color has-base-color\"\/>\n\n\n\n<p>El principal objetivo es ense\u00f1ar los conocimientos necesarios para entender, modelar y controlar la navegaci\u00f3n autom\u00e1tica de veh\u00edculos no tripulados, as\u00ed como las t\u00e9cnicas de optimizaci\u00f3n y modelado de la incertidumbre y su aplicaci\u00f3n a la navegaci\u00f3n autom\u00e1tica y a otros problemas de la aero-hidrodin\u00e1mica de veh\u00edculos.<\/p>\n<\/div>\n\n\n\n<div class=\"wp-block-column is-layout-flow\">\n<h3 class=\"wp-block-heading\" id=\"summary\">Summary<\/h3>\n\n\n\n<hr class=\"wp-block-separator has-text-color has-background has-base-background-color has-base-color\"\/>\n\n\n\n<p><em>The main objective is to teach the skills necessary to understand, model and control the automatic navigation of unmanned vehicles, as well as the optimization and uncertainty modeling techniques and its application to automatic navigation and other problems of the aero-hydrodynamics of vehicles.<\/em><\/p>\n<\/div>\n<\/div>\n\n\n\n<h3 class=\"wp-block-heading\" id=\"programas-tecnicas-equipos-normativas-que-el-estudiante-manejara\">Programas \/ t\u00e9cnicas \/ equipos \/ normativas que el estudiante manejar\u00e1<\/h3>\n\n\n\n<hr class=\"wp-block-separator has-text-color has-background has-base-background-color has-base-color\">\n\n\n\n<p><strong>Ansys-fluent, Matlab<\/strong><\/p>\n\n\n\n<hr class=\"wp-block-separator has-text-color has-background has-base-background-color has-base-color\">\n\n\n\n<div class=\"wp-block-columns is-layout-flex wp-container-7\">\n<div class=\"wp-block-column is-layout-flow\">\n<h4 class=\"wp-block-heading\" id=\"especialidad\"><em>Especialidad<\/em><\/h4>\n\n\n\n<p>Aero-Hidrodin\u00e1mica de Veh\u00edculos<\/p>\n<\/div>\n\n\n\n<div class=\"wp-block-column is-layout-flow\">\n<h4 class=\"wp-block-heading\" id=\"caracter\"><em>Car\u00e1cter<\/em><\/h4>\n\n\n\n<p>Optativo<\/p>\n<\/div>\n\n\n\n<div class=\"wp-block-column is-layout-flow\">\n<h4 class=\"wp-block-heading\" id=\"creditos-ects\"><em>Cr\u00e9ditos ECTS<\/em><\/h4>\n\n\n\n<p>6<\/p>\n<\/div>\n<\/div>\n\n\n\n<div class=\"wp-block-columns is-layout-flex wp-container-11\">\n<div class=\"wp-block-column is-layout-flow\">\n<h4 class=\"wp-block-heading\" id=\"cuatrimestre\"><em>Cuatrimestre<\/em><\/h4>\n\n\n\n<p>Segundo<\/p>\n<\/div>\n\n\n\n<div class=\"wp-block-column is-layout-flow\">\n<h4 class=\"wp-block-heading\" id=\"idiomas\"><em>Idiomas<\/em><\/h4>\n\n\n\n<p>Espa\u00f1ol, Ingl\u00e9s<\/p>\n<\/div>\n\n\n\n<div class=\"wp-block-column is-layout-flow\">\n<h4 class=\"wp-block-heading\" id=\"sede\"><em>Sede<\/em><\/h4>\n\n\n\n<p>UMA\/ETSInd<\/p>\n<\/div>\n<\/div>\n\n\n\n<hr class=\"wp-block-separator has-text-color has-background has-base-background-color has-base-color\">\n\n\n\n<h4 class=\"wp-block-heading\" id=\"profesorado\">Profesorado<\/h4>\n\n\n\n<ul><li><a href=\"mailto:jlmartinez@ctima.uma.es\">Mart\u00ednez Rodr\u00edguez, Jorge Luis<\/a>\n                        <\/li><li><a href=\"mailto:jperez@uma.es\">P\u00e9rez Ruiz, Juan<\/a>\n                        <\/li><li><a href=\"mailto:spineda@uma.es\">Pineda Morales, Salvador<\/a>\n                    <\/li><\/ul>\n\n\n\n<hr class=\"wp-block-separator has-text-color has-background has-base-background-color has-base-color\">\n\n\n\n<h4 class=\"wp-block-heading\" id=\"mas-informacion\">M\u00e1s informaci\u00f3n<\/h4>\n\n\n\n<p><a rel=\"noreferrer noopener\" href=\"https:\/\/oas.sci.uma.es:8443\/pls\/apex\/f?p=101:3:2324212566242677::NO::P3_ID:129964-5273-114\" target=\"_blank\">Enlace<\/a><\/p>\n\n\n\n<hr class=\"wp-block-separator has-text-color has-background has-base-background-color has-base-color\">\n\n\n\n<h4 class=\"wp-block-heading\" id=\"guia-docente\">Gu\u00eda docente<\/h4>\n\n\n\n<p><a rel=\"noreferrer noopener\" href=\"https:\/\/gdfa.ugr.es\/masterha\/verifica\/guia_14.pdf\" target=\"_blank\">Documento<\/a><\/p>\n","protected":false},"excerpt":{"rendered":"<p>Resumen El principal objetivo es ense\u00f1ar los conocimientos necesarios para entender, modelar y controlar la navegaci\u00f3n autom\u00e1tica de veh\u00edculos no tripulados, as\u00ed como las t\u00e9cnicas de optimizaci\u00f3n y modelado de la incertidumbre y su aplicaci\u00f3n a la navegaci\u00f3n autom\u00e1tica y a otros problemas de la aero-hidrodin\u00e1mica de veh\u00edculos. Summary The main objective is to teach &#8230; <a title=\"Navegaci\u00f3n y optimizaci\u00f3n\" class=\"read-more\" href=\"https:\/\/aerohidro.uma.es\/?page_id=8\" aria-label=\"M\u00e1s en Navegaci\u00f3n y optimizaci\u00f3n\">Leer m\u00e1s<\/a><\/p>\n","protected":false},"author":1,"featured_media":0,"parent":0,"menu_order":0,"comment_status":"closed","ping_status":"closed","template":"","meta":[],"_links":{"self":[{"href":"https:\/\/aerohidro.uma.es\/index.php?rest_route=\/wp\/v2\/pages\/8"}],"collection":[{"href":"https:\/\/aerohidro.uma.es\/index.php?rest_route=\/wp\/v2\/pages"}],"about":[{"href":"https:\/\/aerohidro.uma.es\/index.php?rest_route=\/wp\/v2\/types\/page"}],"author":[{"embeddable":true,"href":"https:\/\/aerohidro.uma.es\/index.php?rest_route=\/wp\/v2\/users\/1"}],"replies":[{"embeddable":true,"href":"https:\/\/aerohidro.uma.es\/index.php?rest_route=%2Fwp%2Fv2%2Fcomments&post=8"}],"version-history":[{"count":0,"href":"https:\/\/aerohidro.uma.es\/index.php?rest_route=\/wp\/v2\/pages\/8\/revisions"}],"wp:attachment":[{"href":"https:\/\/aerohidro.uma.es\/index.php?rest_route=%2Fwp%2Fv2%2Fmedia&parent=8"}],"curies":[{"name":"wp","href":"https:\/\/api.w.org\/{rel}","templated":true}]}}