{"id":9,"date":"2021-03-10T00:00:00","date_gmt":"2021-03-10T00:00:00","guid":{"rendered":"https:\/\/aerohidro.uma.es\/?page_id=9"},"modified":"2022-04-11T18:11:56","modified_gmt":"2022-04-11T18:11:56","slug":"flujos-geofisicos","status":"publish","type":"page","link":"https:\/\/aerohidro.uma.es\/?page_id=9","title":{"rendered":"Tratamiento y visualizaci\u00f3n de datos"},"content":{"rendered":"\n<div class=\"wp-block-columns is-layout-flex wp-container-3\">\n<div class=\"wp-block-column is-layout-flow\">\n<h3 class=\"wp-block-heading\" id=\"resumen\">Resumen<\/h3>\n\n\n\n<hr class=\"wp-block-separator has-text-color has-background has-base-background-color has-base-color\"\/>\n\n\n\n<p>Esta asignatura consta de dos partes diferenciadas: en una de ellas, se analizar\u00e1 el movimiento de fluidos alrededor de veh\u00edculos en movimiento en diferentes reg\u00edmenes. Adem\u00e1s, tambi\u00e9n se presentar\u00e1n diferentes t\u00e9cnicas anal\u00edticas y nSe trata de una asignatura obligatoria dentro de la especialidad de Flujos Geof\u00edsicos, que complementa la formaci\u00f3n recibida en las otras dos asignaturas de la especialidad. En ella se realiza una introducci\u00f3n al preprocesado de datos, an\u00e1lisis y visualizaci\u00f3n. Desde un enfoque pr\u00e1ctico, se trata de que el alumno pueda: &#8211; Analizar series de tiempo y datos distribuidos espacialmente y procesar adecuadamente las se\u00f1ales de distintas variables geof\u00edsicas. &#8211; Visualizar y analizar las simulaciones proporcionadas por modelos num\u00e9ricos de distintas situaciones sobre escenarios geof\u00edsicos reales &#8211; Preparar el sistema de captura y adquirir las im\u00e1genes para el posterior procesado &#8211; Procesar las im\u00e1genes para obtener resultados cuantitativos tanto de variables promedio como de series temporales &#8211; Utilizar transformaciones de im\u00e1genes para la obtenci\u00f3n de mediciones de una magnitud &#8211; Crear sus propios programas en python utilizando para ello los m\u00f3dulos numpy, scipy y matplotlib. &#8211; Crear sus propios kernels de programaci\u00f3n cient\u00edfica b\u00e1sica en CUDA.<\/p>\n<\/div>\n\n\n\n<div class=\"wp-block-column is-layout-flow\">\n<h3 class=\"wp-block-heading\" id=\"summary\">Summary<\/h3>\n\n\n\n<hr class=\"wp-block-separator has-text-color has-background has-base-background-color has-base-color\"\/>\n\n\n\n<p><em><em>It is a compulsory subject within the specialty of Geophysical flows, supplementing the training received in the other two subjects of the specialty. This subject is an introduction to data cleaning, analysis and visualization. The basics of data analysis is presented through concrete examples related with Geophysical flows. Student will learn how to take raw data, extract meaningful information, use statistical tools, and make visualizations: &#8211; Analyse time series and spatially distributed data and properly process the signals of different geophysical variables. &#8211; Visualize and analyze numerical simulations of real geophysical scenarios provided by models &#8211; Prepare the capture system and acquire images for further processing &#8211; Process images to obtain quantitative results over average and time series &#8211; Use image transformations for obtaining measurements of a quantity &#8211; Create your own python programs using numpy, scipy and matplotlib. &#8211; Create your own CUDA kernels for basic scientific computing problems.<\/em><\/em><\/p>\n<\/div>\n<\/div>\n\n\n\n<h3 class=\"wp-block-heading\" id=\"programas-tecnicas-equipos-normativas-que-el-estudiante-manejara\">Programas \/ t\u00e9cnicas \/ equipos \/ normativas que el estudiante manejar\u00e1<\/h3>\n\n\n\n<hr class=\"wp-block-separator has-text-color has-background has-base-background-color has-base-color\">\n\n\n\n<p><strong><strong><strong>Matlab, Python, CUDA toolkit<\/strong><\/strong><\/strong><\/p>\n\n\n\n<hr class=\"wp-block-separator has-text-color has-background has-base-background-color has-base-color\">\n\n\n\n<div class=\"wp-block-columns is-layout-flex wp-container-7\">\n<div class=\"wp-block-column is-layout-flow\">\n<h4 class=\"wp-block-heading\" id=\"especialidad\"><em>Especialidad<\/em><\/h4>\n\n\n\n<p>Flujos Geof\u00edsicos<\/p>\n<\/div>\n\n\n\n<div class=\"wp-block-column is-layout-flow\">\n<h4 class=\"wp-block-heading\" id=\"caracter\"><em>Car\u00e1cter<\/em><\/h4>\n\n\n\n<p>Optativo<\/p>\n<\/div>\n\n\n\n<div class=\"wp-block-column is-layout-flow\">\n<h4 class=\"wp-block-heading\" id=\"creditos-ects\"><em>Cr\u00e9ditos ECTS<\/em><\/h4>\n\n\n\n<p>6<\/p>\n<\/div>\n<\/div>\n\n\n\n<div class=\"wp-block-columns is-layout-flex wp-container-11\">\n<div class=\"wp-block-column is-layout-flow\">\n<h4 class=\"wp-block-heading\" id=\"cuatrimestre\"><em>Cuatrimestre<\/em><\/h4>\n\n\n\n<p>Segundo<\/p>\n<\/div>\n\n\n\n<div class=\"wp-block-column is-layout-flow\">\n<h4 class=\"wp-block-heading\" id=\"idiomas\"><em>Idiomas<\/em><\/h4>\n\n\n\n<p>Espa\u00f1ol, Ingl\u00e9s<\/p>\n<\/div>\n\n\n\n<div class=\"wp-block-column is-layout-flow\">\n<h4 class=\"wp-block-heading\" id=\"sede\"><em>Sede<\/em><\/h4>\n\n\n\n<p>UMA\/ETSInd<\/p>\n<\/div>\n<\/div>\n\n\n\n<hr class=\"wp-block-separator has-text-color has-background has-base-background-color has-base-color\">\n\n\n\n<h4 class=\"wp-block-heading\" id=\"profesorado\">Profesorado<\/h4>\n\n\n\n<ul><li><a href=\"mailto:mjcastro@uma.es\">Castro D\u00edaz, Manuel Jes\u00fas<\/a>\n                        <\/li><li><a href=\"mailto:cpino@uma.es\">Del Pino Pe\u00f1as, Carlos<\/a>\n                        <\/li><li><a href=\"mailto:jdcabello@uma.es\">Delgado Cabello, Javier<\/a>\n                    <\/li><\/ul>\n\n\n\n<hr class=\"wp-block-separator has-text-color has-background has-base-background-color has-base-color\">\n\n\n\n<h4 class=\"wp-block-heading\" id=\"mas-informacion\">M\u00e1s informaci\u00f3n<\/h4>\n\n\n\n<p><a rel=\"noreferrer noopener\" href=\"https:\/\/www.uma.es\/departments\/subjects\/titulation\/101675\/5274\/\" target=\"_blank\">Enlace<\/a><\/p>\n\n\n\n<hr class=\"wp-block-separator has-text-color has-background has-base-background-color has-base-color\">\n\n\n\n<h4 class=\"wp-block-heading\" id=\"guia-docente\">Gu\u00eda docente<\/h4>\n\n\n\n<p><a rel=\"noreferrer noopener\" href=\"https:\/\/gdfa.ugr.es\/masterha\/verifica\/guia_19.pdf\" target=\"_blank\">Documento<\/a><\/p>\n","protected":false},"excerpt":{"rendered":"<p>Resumen Esta asignatura consta de dos partes diferenciadas: en una de ellas, se analizar\u00e1 el movimiento de fluidos alrededor de veh\u00edculos en movimiento en diferentes reg\u00edmenes. Adem\u00e1s, tambi\u00e9n se presentar\u00e1n diferentes t\u00e9cnicas anal\u00edticas y nSe trata de una asignatura obligatoria dentro de la especialidad de Flujos Geof\u00edsicos, que complementa la formaci\u00f3n recibida en las otras &#8230; <a title=\"Tratamiento y visualizaci\u00f3n de datos\" class=\"read-more\" href=\"https:\/\/aerohidro.uma.es\/?page_id=9\" aria-label=\"M\u00e1s en Tratamiento y visualizaci\u00f3n de datos\">Leer m\u00e1s<\/a><\/p>\n","protected":false},"author":1,"featured_media":0,"parent":0,"menu_order":0,"comment_status":"closed","ping_status":"closed","template":"","meta":[],"_links":{"self":[{"href":"https:\/\/aerohidro.uma.es\/index.php?rest_route=\/wp\/v2\/pages\/9"}],"collection":[{"href":"https:\/\/aerohidro.uma.es\/index.php?rest_route=\/wp\/v2\/pages"}],"about":[{"href":"https:\/\/aerohidro.uma.es\/index.php?rest_route=\/wp\/v2\/types\/page"}],"author":[{"embeddable":true,"href":"https:\/\/aerohidro.uma.es\/index.php?rest_route=\/wp\/v2\/users\/1"}],"replies":[{"embeddable":true,"href":"https:\/\/aerohidro.uma.es\/index.php?rest_route=%2Fwp%2Fv2%2Fcomments&post=9"}],"version-history":[{"count":0,"href":"https:\/\/aerohidro.uma.es\/index.php?rest_route=\/wp\/v2\/pages\/9\/revisions"}],"wp:attachment":[{"href":"https:\/\/aerohidro.uma.es\/index.php?rest_route=%2Fwp%2Fv2%2Fmedia&parent=9"}],"curies":[{"name":"wp","href":"https:\/\/api.w.org\/{rel}","templated":true}]}}